{"id":1314,"date":"2025-03-05T13:52:16","date_gmt":"2025-03-05T12:52:16","guid":{"rendered":"https:\/\/agrogargallo.com\/?post_type=product&#038;p=1314"},"modified":"2025-08-05T19:10:38","modified_gmt":"2025-08-05T17:10:38","slug":"pienso-complementario-terneros-unilyt","status":"publish","type":"product","link":"https:\/\/agrogargallo.com\/gl\/producto\/pienso-complementario-terneros-unilyt","title":{"rendered":"Pienso complementario terneros UNILYT &#8211; Diarreas &#8211; Schills"},"content":{"rendered":"<h2>Caracter\u00edsticas del pienso complementario para terneros Unilyt:<\/h2>\n<ul>\n<li><span class=\"OYPEnA font-feature-liga-off font-feature-clig-off font-feature-calt-off text-decoration-none text-strikethrough-none\">Se debe suministrar despu\u00e9s de: situaciones estresantes, transporte, nuevo sistema de alojamiento&#8230;<\/span><\/li>\n<li><span class=\"OYPEnA font-feature-liga-off font-feature-clig-off font-feature-calt-off text-decoration-none text-strikethrough-none\">Para utilizar de forma preventiva o para mantener la condici\u00f3n actual de los terneros.<\/span><\/li>\n<li><span class=\"OYPEnA font-feature-liga-off font-feature-clig-off font-feature-calt-off text-decoration-none text-strikethrough-none\">En caso de clima c\u00e1lido para compensar la p\u00e9rdida de humedad.<\/span><\/li>\n<li><span class=\"OYPEnA font-feature-liga-off font-feature-clig-off font-feature-calt-off text-decoration-none text-strikethrough-none\">Despu\u00e9s de los primeros signos de debilidad o problemas de digesti\u00f3n (diarrea).<\/span><\/li>\n<li><span class=\"OYPEnA font-feature-liga-off font-feature-clig-off font-feature-calt-off text-decoration-none text-strikethrough-none\">Energ\u00eda y minerales de r\u00e1pida disponibilidad.<\/span><\/li>\n<li><span class=\"OYPEnA font-feature-liga-off font-feature-clig-off font-feature-calt-off text-decoration-none text-strikethrough-none\">De buena ingesta.<\/span><\/li>\n<li><span class=\"OYPEnA font-feature-liga-off font-feature-clig-off font-feature-calt-off text-decoration-none text-strikethrough-none\">Debe disolverse en agua y administrarse con el sustituto de leche o la leche entera.<\/span><\/li>\n<\/ul>\n","protected":false},"excerpt":{"rendered":"<p><span class=\"OYPEnA font-feature-liga-off font-feature-clig-off font-feature-calt-off text-decoration-none text-strikethrough-none\">Este pienso complementario UNILYT est\u00e1 destinado a terneros, para la estabilizaci\u00f3n de su equilibrio h\u00eddrico y electrol\u00edtico. Se aplica en caso de riesgo, durante los periodos o en la recuperaci\u00f3n de trastornos gastrointestinales (diarrea).\u00a0<\/span><\/p>\n","protected":false},"featured_media":1315,"template":"","meta":{"_acf_changed":false,"_joinchat":[]},"product_brand":[],"product_cat":[80,232,238,103],"product_tag":[],"class_list":{"0":"post-1314","1":"product","2":"type-product","3":"status-publish","4":"has-post-thumbnail","6":"product_cat-ganaderia-y-mascotas","7":"product_cat-alimentacion-vacuno","8":"product_cat-complementos-nutritivos-y-correctores","9":"product_cat-vacas-y-recria","11":"first","12":"instock","13":"taxable","14":"shipping-taxable","15":"purchasable","16":"product-type-variable"},"acf":[],"_links":{"self":[{"href":"https:\/\/agrogargallo.com\/gl\/wp-json\/wp\/v2\/product\/1314","targetHints":{"allow":["GET"]}}],"collection":[{"href":"https:\/\/agrogargallo.com\/gl\/wp-json\/wp\/v2\/product"}],"about":[{"href":"https:\/\/agrogargallo.com\/gl\/wp-json\/wp\/v2\/types\/product"}],"wp:featuredmedia":[{"embeddable":true,"href":"https:\/\/agrogargallo.com\/gl\/wp-json\/wp\/v2\/media\/1315"}],"wp:attachment":[{"href":"https:\/\/agrogargallo.com\/gl\/wp-json\/wp\/v2\/media?parent=1314"}],"wp:term":[{"taxonomy":"product_brand","embeddable":true,"href":"https:\/\/agrogargallo.com\/gl\/wp-json\/wp\/v2\/product_brand?post=1314"},{"taxonomy":"product_cat","embeddable":true,"href":"https:\/\/agrogargallo.com\/gl\/wp-json\/wp\/v2\/product_cat?post=1314"},{"taxonomy":"product_tag","embeddable":true,"href":"https:\/\/agrogargallo.com\/gl\/wp-json\/wp\/v2\/product_tag?post=1314"}],"curies":[{"name":"wp","href":"https:\/\/api.w.org\/{rel}","templated":true}]}}