{"id":1262,"date":"2025-02-28T13:35:06","date_gmt":"2025-02-28T12:35:06","guid":{"rendered":"https:\/\/agrogargallo.com\/?post_type=product&#038;p=1262"},"modified":"2025-11-03T13:49:48","modified_gmt":"2025-11-03T12:49:48","slug":"abono-azul-para-huerto-nitroflower","status":"publish","type":"product","link":"https:\/\/agrogargallo.com\/gl\/producto\/abono-azul-para-huerto-nitroflower","title":{"rendered":"Abono azul para huerto NITROFLOWER &#8211; abono universal azul polivalente"},"content":{"rendered":"<h2>Caracter\u00edsticas del abono azul para huerto, polivalente, NITROFLOWER:<\/h2>\n<ul>\n<li>Color: Azul<\/li>\n<li>Tipo de fertilizante: Hidrop\u00f3nico<\/li>\n<\/ul>\n<h2>Descripci\u00f3n del abono azul universal Nitroflower para huerto:<\/h2>\n<p>Se trata de un abono granulado para abonar todo tipo de cultivos de exterior, como plantas y setos y est\u00e1 especialmente indicado para el huerto dom\u00e9stico, en el que ayuda al engorde de las frutas y hortalizas. Adem\u00e1s de ser muy efectivo en el jard\u00edn y el huerto, tambi\u00e9n se aconseja como abono para el c\u00e9sped.<\/p>\n<p>El abono azul para huerto Nitroflower se disuelve muy r\u00e1pidamente, por lo que los cultivos absorben los nutrientes f\u00e1cilmente. Es decir, los resultados de abonado son m\u00e1s r\u00e1pidos en los cultivos.<\/p>\n<h3>Composici\u00f3n:<\/h3>\n<ul>\n<li>Abono NPK<\/li>\n<li>Complejo Azul<\/li>\n<li>Magnesio<\/li>\n<li>Azufre<\/li>\n<li>Boro<\/li>\n<\/ul>\n<h3>Modo de empleo:<\/h3>\n<p>El abono azul para huerto de Nitroflower se puede utilizar para todo tipo de plantas antes de la siembra o plantaci\u00f3n:<\/p>\n<ol>\n<li>Esparcir el abono sobre el suelo y enterrarlo con un rastrillo, por ejemplo.<\/li>\n<li>Para usar en hortalizas y frutales ya plantados se debe esparcir el abono cerca de la planta o en las l\u00edneas. Despu\u00e9s, enterrar ligeramente y regar.<\/li>\n<li>Para c\u00e9spedes y jardines se debe esparcir uniformemente el abono azul en toda la superficie. Luego, dar un buen riego.<\/li>\n<\/ol>\n<p>El abono azul universal Nitroflower se puede usar en el momento de la plantaci\u00f3n, para ayudar al crecimiento de los cultivos. O bien, como abonado durante su desarrollo. Es un abono que puede ser utilizado tanto en fondo (previo al momento de siembra o trasplante) como en cobertera (durante el ciclo de desarrollo de la planta o cultivo). Su estudiado equilibrio NPK aporta los elementos nutritivos esenciales para cualquier cultivo. Act\u00faa como estimulante del crecimiento y de la floraci\u00f3n en plantas de jard\u00edn.<\/p>\n<p>Adem\u00e1s, ayuda al engorde de los frutos en las plantas de huerta (hortalizas, frutales y c\u00edtricos). Puede aplicarse durante todo el a\u00f1o, seg\u00fan las necesidades del cultivo o de las plantas a abonar. Regar siempre despu\u00e9s de la aplicaci\u00f3n del abono. No abonar durante las horas de m\u00e1xima insolaci\u00f3n; hacerlo mejor a primera hora de la ma\u00f1ana o al atardecer.<\/p>\n<p>&nbsp;<\/p>\n<h3>Dosificaci\u00f3n:<\/h3>\n<ul>\n<li>Hortalizas: unos 50-100 gramos por m2. 2-5 aportaciones al a\u00f1o.<\/li>\n<li>Frutales y c\u00edtricos: unos 60-120 gramos por m2. Hacer 2-3 aportaciones al a\u00f1o.<\/li>\n<li>C\u00e9sped: 30-40 gramos por m2. 6-8 aportaciones anuales.<\/li>\n<li>Plantas ornamentales: 30-70 gramos por m2 y 2-4 aportaciones al a\u00f1o.<\/li>\n<li>Setos: 3300 g\/m lineal. Hacer 3-5 aportaciones al a\u00f1o.<\/li>\n<\/ul>\n<p>&nbsp;<\/p>\n<h3>Calendario de aplicaci\u00f3n del abono azul para el huerto Nitroflower:<\/h3>\n<ul>\n<li>Febrero<\/li>\n<li>Marzo<\/li>\n<li>Abril<\/li>\n<li>Mayo<\/li>\n<li>Junio<\/li>\n<li>Julio<\/li>\n<li>Septiembre<\/li>\n<li>Octubre<\/li>\n<li>Noviembre<\/li>\n<\/ul>\n<p>Evitar en enero, agosto y diciembre.<\/p>\n","protected":false},"excerpt":{"rendered":"<p>Abono azul para huerto en formato granulado azul NITROFLOWER POLIVALENTE AZUL.<\/p>\n<p>&nbsp;<\/p>\n<p>Se trata de un abono azul universal para todo tipo de cultivos de exterior, como plantas y setos. Est\u00e1 especialmente indicado para el jard\u00edn y el huerto . Es muy efectivo para abonar el c\u00e9sped.<\/p>\n","protected":false},"featured_media":1263,"template":"","meta":{"_acf_changed":false,"_joinchat":[]},"product_brand":[],"product_cat":[81,113,348,342,344,82,346,122],"product_tag":[],"class_list":{"0":"post-1262","1":"product","2":"type-product","3":"status-publish","4":"has-post-thumbnail","6":"product_cat-campo-y-huerto","7":"product_cat-abonos-y-fertilizantes","8":"product_cat-abono-para-cespec","9":"product_cat-abonos-para-flores","10":"product_cat-abonos-para-huerto","11":"product_cat-jardin-y-terraza","12":"product_cat-setos-e-arbores","13":"product_cat-sustratos-fertilizantes","15":"first","16":"instock","17":"taxable","18":"shipping-taxable","19":"purchasable","20":"product-type-variable"},"acf":[],"_links":{"self":[{"href":"https:\/\/agrogargallo.com\/gl\/wp-json\/wp\/v2\/product\/1262","targetHints":{"allow":["GET"]}}],"collection":[{"href":"https:\/\/agrogargallo.com\/gl\/wp-json\/wp\/v2\/product"}],"about":[{"href":"https:\/\/agrogargallo.com\/gl\/wp-json\/wp\/v2\/types\/product"}],"wp:featuredmedia":[{"embeddable":true,"href":"https:\/\/agrogargallo.com\/gl\/wp-json\/wp\/v2\/media\/1263"}],"wp:attachment":[{"href":"https:\/\/agrogargallo.com\/gl\/wp-json\/wp\/v2\/media?parent=1262"}],"wp:term":[{"taxonomy":"product_brand","embeddable":true,"href":"https:\/\/agrogargallo.com\/gl\/wp-json\/wp\/v2\/product_brand?post=1262"},{"taxonomy":"product_cat","embeddable":true,"href":"https:\/\/agrogargallo.com\/gl\/wp-json\/wp\/v2\/product_cat?post=1262"},{"taxonomy":"product_tag","embeddable":true,"href":"https:\/\/agrogargallo.com\/gl\/wp-json\/wp\/v2\/product_tag?post=1262"}],"curies":[{"name":"wp","href":"https:\/\/api.w.org\/{rel}","templated":true}]}}