{"id":1259,"date":"2025-02-28T13:00:08","date_gmt":"2025-02-28T12:00:08","guid":{"rendered":"https:\/\/agrogargallo.com\/?post_type=product&#038;p=1259"},"modified":"2026-01-27T12:23:41","modified_gmt":"2026-01-27T11:23:41","slug":"saco-de-pellets-premium-madera-de-pino","status":"publish","type":"product","link":"https:\/\/agrogargallo.com\/gl\/producto\/saco-de-pellets-premium-madera-de-pino","title":{"rendered":"SACO DE PELLETS PREMIUM &#8211; madera de pino &#8211; 15kg"},"content":{"rendered":"<h2>Caracter\u00edsticas de las pellets de Bande:<\/h2>\n<ul>\n<li>La empresa Bande Pellet utiliza serr\u00edn\u00a0 y astilla de la zona en un radio de 200 km de la planta.<\/li>\n<li>El proceso de fabricaci\u00f3n empieza con un primer astillado para conseguir una astilla de 16 mm . de tama\u00f1o que posteriormente pasa a un secado a baja temperatura (70\u00baC) que produce un\u00a0 pellet de mayor calidad debido a que tanto la lignina como las propiedades f\u00edsicas del serr\u00edn y la astilla se ven alteradas en menor medida que un secado de alta temperatura como puede ser un tromel.<\/li>\n<li>Una vez est\u00e1 seca la astilla y serr\u00edn pasan por un molino de refinado de tal forma que se consigue una granulometr\u00eda id\u00f3nea que permite obtener pellets de calidad generando menos residuos\u00a0 y con mayor poder calor\u00edfico sin usar ning\u00fan tipo de aditivo.<\/li>\n<\/ul>\n","protected":false},"excerpt":{"rendered":"<p>Este saco de pellets premium de Bande es elaborado con madera de pino y se presenta en formato de 15 kg, con un empaquetado de calidad y sellado microperforado, protegi\u00e9ndolo as\u00ed de cualquier cambio ambiental de temperatura y humedad y garantizando as\u00ed su eficiencia energ\u00e9tica durante todo el tiempo de su almacenamiento.<\/p>\n<p>&nbsp;<\/p>\n<p>El uso de pellets es una alternativa de energ\u00eda renovable, m\u00e1s econ\u00f3mica que el uso de combustibles f\u00f3siles tradicionales.<\/p>\n","protected":false},"featured_media":1260,"template":"","meta":{"_acf_changed":false,"_joinchat":[]},"product_brand":[],"product_cat":[131,26,121],"product_tag":[],"class_list":{"0":"post-1259","1":"product","2":"type-product","3":"status-publish","4":"has-post-thumbnail","6":"product_cat-supermercado","7":"product_cat-agrogargallo","8":"product_cat-cocina-y-jardin","10":"first","11":"instock","12":"taxable","13":"shipping-taxable","14":"purchasable","15":"product-type-simple"},"acf":[],"_links":{"self":[{"href":"https:\/\/agrogargallo.com\/gl\/wp-json\/wp\/v2\/product\/1259","targetHints":{"allow":["GET"]}}],"collection":[{"href":"https:\/\/agrogargallo.com\/gl\/wp-json\/wp\/v2\/product"}],"about":[{"href":"https:\/\/agrogargallo.com\/gl\/wp-json\/wp\/v2\/types\/product"}],"wp:featuredmedia":[{"embeddable":true,"href":"https:\/\/agrogargallo.com\/gl\/wp-json\/wp\/v2\/media\/1260"}],"wp:attachment":[{"href":"https:\/\/agrogargallo.com\/gl\/wp-json\/wp\/v2\/media?parent=1259"}],"wp:term":[{"taxonomy":"product_brand","embeddable":true,"href":"https:\/\/agrogargallo.com\/gl\/wp-json\/wp\/v2\/product_brand?post=1259"},{"taxonomy":"product_cat","embeddable":true,"href":"https:\/\/agrogargallo.com\/gl\/wp-json\/wp\/v2\/product_cat?post=1259"},{"taxonomy":"product_tag","embeddable":true,"href":"https:\/\/agrogargallo.com\/gl\/wp-json\/wp\/v2\/product_tag?post=1259"}],"curies":[{"name":"wp","href":"https:\/\/api.w.org\/{rel}","templated":true}]}}