{"id":1234,"date":"2025-02-22T13:34:08","date_gmt":"2025-02-22T12:34:08","guid":{"rendered":"https:\/\/agrogargallo.com\/?post_type=product&#038;p=1234"},"modified":"2026-02-28T13:21:42","modified_gmt":"2026-02-28T12:21:42","slug":"blokalm-gav-allfeed-bloque-mineral-nutraceutico","status":"publish","type":"product","link":"https:\/\/agrogargallo.com\/gl\/producto\/blokalm-gav-allfeed-bloque-mineral-nutraceutico","title":{"rendered":"BLOKALM | GAV- ALLFEED &#8211; Bloque Mineral &#8211; nutrac\u00e9utico"},"content":{"rendered":"<h2>Las Caracter\u00edsticas del bloque mineral Blokalm son las siguientes:<\/h2>\n<ul>\n<li>Fortalecimiento del sistema nervioso-muscular<\/li>\n<li>Calmante para situaciones de estr\u00e9s &#8211; cambio de cuadras o boxers, destetes ou mezcla de animales.<\/li>\n<li>Disminuye la agresividad, evitando as\u00ed mordeduras de colas, montas&#8230;<\/li>\n<li>Tiene un sabor agradable, lo que ayuda a su consumo<\/li>\n<li>No requiere prescripci\u00f3n veterinaria, es un producto totalmente natural con alto poder calmante<\/li>\n<li>No altera el apetito<\/li>\n<li>No crea somnolencia ni es un producto tranquilizante.<\/li>\n<li>Presentaci\u00f3n en dos piedras o bloques.<\/li>\n<\/ul>\n","protected":false},"excerpt":{"rendered":"<p>Blokalm es un bloque mineral de Gav &#8211; ALLFEED que act\u00faa como nutrac\u00e9utico calmante en situaciones de estr\u00e9s en el ganado.<\/p>\n","protected":false},"featured_media":1236,"template":"","meta":{"_acf_changed":false,"_joinchat":[]},"product_brand":[],"product_cat":[26,238,286,80],"product_tag":[],"class_list":{"0":"post-1234","1":"product","2":"type-product","3":"status-publish","4":"has-post-thumbnail","6":"product_cat-agrogargallo","7":"product_cat-complementos-nutritivos-y-correctores","8":"product_cat-complementos-nutritivos-y-desparasitantes","9":"product_cat-ganaderia-y-mascotas","11":"first","12":"instock","13":"taxable","14":"shipping-taxable","15":"purchasable","16":"product-type-simple"},"acf":[],"_links":{"self":[{"href":"https:\/\/agrogargallo.com\/gl\/wp-json\/wp\/v2\/product\/1234","targetHints":{"allow":["GET"]}}],"collection":[{"href":"https:\/\/agrogargallo.com\/gl\/wp-json\/wp\/v2\/product"}],"about":[{"href":"https:\/\/agrogargallo.com\/gl\/wp-json\/wp\/v2\/types\/product"}],"wp:featuredmedia":[{"embeddable":true,"href":"https:\/\/agrogargallo.com\/gl\/wp-json\/wp\/v2\/media\/1236"}],"wp:attachment":[{"href":"https:\/\/agrogargallo.com\/gl\/wp-json\/wp\/v2\/media?parent=1234"}],"wp:term":[{"taxonomy":"product_brand","embeddable":true,"href":"https:\/\/agrogargallo.com\/gl\/wp-json\/wp\/v2\/product_brand?post=1234"},{"taxonomy":"product_cat","embeddable":true,"href":"https:\/\/agrogargallo.com\/gl\/wp-json\/wp\/v2\/product_cat?post=1234"},{"taxonomy":"product_tag","embeddable":true,"href":"https:\/\/agrogargallo.com\/gl\/wp-json\/wp\/v2\/product_tag?post=1234"}],"curies":[{"name":"wp","href":"https:\/\/api.w.org\/{rel}","templated":true}]}}