{"id":1229,"date":"2025-02-22T13:28:39","date_gmt":"2025-02-22T12:28:39","guid":{"rendered":"https:\/\/agrogargallo.com\/?post_type=product&#038;p=1229"},"modified":"2026-02-28T13:12:26","modified_gmt":"2026-02-28T12:12:26","slug":"megalix-garlyx-bloque-mineral-crystalyx","status":"publish","type":"product","link":"https:\/\/agrogargallo.com\/gl\/producto\/megalix-garlyx-bloque-mineral-crystalyx","title":{"rendered":"MEGALIX GARLYX &#8211; Bloque mineral"},"content":{"rendered":"<h2>Las caracter\u00edsticas m\u00e1s destacable de Megalix Garlyx son:<\/h2>\n<ul>\n<li>Contiene componentes del ajo (repelente natural). O cheiro do allo ten un efecto repulsivo para os insectos voladores.<\/li>\n<li>Optimiza el rendimiento del animal aumentando la ingesta y digestibilidad del pienso b\u00e1sico.<\/li>\n<li>Provee al nimal de todos los elementos y oligoelementos necesarios, as\u00ed como de vitaminas necesarias.<\/li>\n<li>Reduce la inquietud y el nerviosismo causados por insectos voladores.<\/li>\n<li>Contribuye a compensar las fluctuaciones naturales en la calidad del pienso b\u00e1sico o del pasto.<\/li>\n<\/ul>\n<p>&nbsp;<\/p>\n<h2>Composici\u00f3n del bloque mineral Megalix Garlyx:<\/h2>\n<ul>\n<li>Melaza deshidratada<\/li>\n<li>Fosfato monoc\u00e1lcico<\/li>\n<li>Cloruro de socio<\/li>\n<li>\u00c1cido graso vegetal<\/li>\n<li>Sal de ajo (2,75%)<\/li>\n<li>Carbonato de calcio<\/li>\n<li>\u00d3xido de magnesio<\/li>\n<\/ul>\n<p>&nbsp;<\/p>\n<p>&nbsp;<\/p>\n","protected":false},"excerpt":{"rendered":"<p>Megalix garlyx es un\u00a0 bloque mineral o pienso complementario que act\u00faa como suplemento nutricional con efecto desparasitario. Est\u00e1 indicado para potenciar la protecci\u00f3n natural contra los insectos voladores, en vacunos, ovinos, caprinos y animales de caza en cercado.<\/p>\n","protected":false},"featured_media":1257,"template":"","meta":{"_acf_changed":false,"_joinchat":[]},"product_brand":[],"product_cat":[238,250,286,80],"product_tag":[],"class_list":{"0":"post-1229","1":"product","2":"type-product","3":"status-publish","4":"has-post-thumbnail","6":"product_cat-complementos-nutritivos-y-correctores","7":"product_cat-complementos-nutritivos-equino","8":"product_cat-complementos-nutritivos-y-desparasitantes","9":"product_cat-ganaderia-y-mascotas","11":"first","12":"instock","13":"taxable","14":"shipping-taxable","15":"purchasable","16":"product-type-variable"},"acf":[],"_links":{"self":[{"href":"https:\/\/agrogargallo.com\/gl\/wp-json\/wp\/v2\/product\/1229","targetHints":{"allow":["GET"]}}],"collection":[{"href":"https:\/\/agrogargallo.com\/gl\/wp-json\/wp\/v2\/product"}],"about":[{"href":"https:\/\/agrogargallo.com\/gl\/wp-json\/wp\/v2\/types\/product"}],"wp:featuredmedia":[{"embeddable":true,"href":"https:\/\/agrogargallo.com\/gl\/wp-json\/wp\/v2\/media\/1257"}],"wp:attachment":[{"href":"https:\/\/agrogargallo.com\/gl\/wp-json\/wp\/v2\/media?parent=1229"}],"wp:term":[{"taxonomy":"product_brand","embeddable":true,"href":"https:\/\/agrogargallo.com\/gl\/wp-json\/wp\/v2\/product_brand?post=1229"},{"taxonomy":"product_cat","embeddable":true,"href":"https:\/\/agrogargallo.com\/gl\/wp-json\/wp\/v2\/product_cat?post=1229"},{"taxonomy":"product_tag","embeddable":true,"href":"https:\/\/agrogargallo.com\/gl\/wp-json\/wp\/v2\/product_tag?post=1229"}],"curies":[{"name":"wp","href":"https:\/\/api.w.org\/{rel}","templated":true}]}}