{"id":1219,"date":"2025-02-21T13:28:00","date_gmt":"2025-02-21T12:28:00","guid":{"rendered":"https:\/\/agrogargallo.com\/?post_type=product&#038;p=1219"},"modified":"2026-01-12T14:48:57","modified_gmt":"2026-01-12T13:48:57","slug":"crystalyx-precalver-bloque-mineral","status":"publish","type":"product","link":"https:\/\/agrogargallo.com\/gl\/producto\/crystalyx-precalver-bloque-mineral","title":{"rendered":"CRYSTALYX PRECALVER &#8211; Bloque mineral"},"content":{"rendered":"<h2>Caracter\u00edsticas de los bloques Crystalyx Precalver:<\/h2>\n<ul>\n<li><span class=\"OYPEnA font-feature-liga-off font-feature-clig-off font-feature-calt-off text-decoration-none text-strikethrough-none\">Aumenta la ingesta de materia seca antes del parto para asegurar un buen arranque en la lactaci\u00f3n.<\/span><\/li>\n<li><span class=\"OYPEnA font-feature-liga-off font-feature-clig-off font-feature-calt-off text-decoration-none text-strikethrough-none\">Aumenta el suministro de energ\u00eda en torno al momento del parto, previniendo la cetosis.<\/span><\/li>\n<li><span class=\"OYPEnA font-feature-liga-off font-feature-clig-off font-feature-calt-off text-decoration-none text-strikethrough-none\">Estabiliza los procesos fisiol\u00f3gicos del metabolismo en situaciones de estr\u00e9s.<\/span><\/li>\n<li><span class=\"OYPEnA font-feature-liga-off font-feature-clig-off font-feature-calt-off text-decoration-none text-strikethrough-none\">Contiene selenio org\u00e1nico.<\/span><\/li>\n<li><span class=\"OYPEnA font-feature-liga-off font-feature-clig-off font-feature-calt-off text-decoration-none text-strikethrough-none\">Apto para garantizar el autoabastecimiento de vitaminas y minerales conforme a las necesidades del ganado.<\/span><\/li>\n<\/ul>\n","protected":false},"excerpt":{"rendered":"<p>Crystalyx precalver es un bloque mineral para una preparaci\u00f3n \u00f3ptima para el parto y la lactaci\u00f3n.<\/p>\n","protected":false},"featured_media":1220,"template":"","meta":{"_acf_changed":false,"_joinchat":[]},"product_brand":[],"product_cat":[238,286],"product_tag":[],"class_list":{"0":"post-1219","1":"product","2":"type-product","3":"status-publish","4":"has-post-thumbnail","6":"product_cat-complementos-nutritivos-y-correctores","7":"product_cat-complementos-nutritivos-y-desparasitantes","9":"first","10":"instock","11":"taxable","12":"shipping-taxable","13":"purchasable","14":"product-type-variable"},"acf":[],"_links":{"self":[{"href":"https:\/\/agrogargallo.com\/gl\/wp-json\/wp\/v2\/product\/1219","targetHints":{"allow":["GET"]}}],"collection":[{"href":"https:\/\/agrogargallo.com\/gl\/wp-json\/wp\/v2\/product"}],"about":[{"href":"https:\/\/agrogargallo.com\/gl\/wp-json\/wp\/v2\/types\/product"}],"wp:featuredmedia":[{"embeddable":true,"href":"https:\/\/agrogargallo.com\/gl\/wp-json\/wp\/v2\/media\/1220"}],"wp:attachment":[{"href":"https:\/\/agrogargallo.com\/gl\/wp-json\/wp\/v2\/media?parent=1219"}],"wp:term":[{"taxonomy":"product_brand","embeddable":true,"href":"https:\/\/agrogargallo.com\/gl\/wp-json\/wp\/v2\/product_brand?post=1219"},{"taxonomy":"product_cat","embeddable":true,"href":"https:\/\/agrogargallo.com\/gl\/wp-json\/wp\/v2\/product_cat?post=1219"},{"taxonomy":"product_tag","embeddable":true,"href":"https:\/\/agrogargallo.com\/gl\/wp-json\/wp\/v2\/product_tag?post=1219"}],"curies":[{"name":"wp","href":"https:\/\/api.w.org\/{rel}","templated":true}]}}